{"id":885,"date":"2025-02-20T15:39:30","date_gmt":"2025-02-20T15:39:30","guid":{"rendered":"https:\/\/mordik.ma\/?page_id=885"},"modified":"2025-03-17T13:13:16","modified_gmt":"2025-03-17T13:13:16","slug":"thank-you-for-registering-with-mordik","status":"publish","type":"page","link":"https:\/\/mordik.ma\/de\/thank-you-for-registering-with-mordik\/","title":{"rendered":"Thank You for Registering with Mordik"},"content":{"rendered":"<div data-elementor-type=\"wp-page\" data-elementor-id=\"885\" class=\"elementor elementor-885\" data-elementor-post-type=\"page\">\n\t\t\t\t<div class=\"elementor-element elementor-element-2bf8423b e-flex e-con-boxed e-con e-parent\" data-id=\"2bf8423b\" data-element_type=\"container\" data-e-type=\"container\" data-settings=\"{&quot;background_background&quot;:&quot;classic&quot;}\">\n\t\t\t\t\t<div class=\"e-con-inner\">\n\t\t\t\t<div class=\"elementor-element elementor-element-35c7e9ab elementor-widget__width-inherit elementor-invisible elementor-widget elementor-widget-text-editor\" data-id=\"35c7e9ab\" data-element_type=\"widget\" data-e-type=\"widget\" data-settings=\"{&quot;_animation&quot;:&quot;fadeIn&quot;}\" data-widget_type=\"text-editor.default\">\n\t\t\t\t<div class=\"elementor-widget-container\">\n\t\t\t\t\t\t\t\t\t<p>Mordik<\/p>\t\t\t\t\t\t\t\t<\/div>\n\t\t\t\t<\/div>\n\t\t\t\t<div class=\"elementor-element elementor-element-2e14049 elementor-widget__width-initial elementor-widget elementor-widget-text-editor\" data-id=\"2e14049\" data-element_type=\"widget\" data-e-type=\"widget\" data-widget_type=\"text-editor.default\">\n\t\t\t\t<div class=\"elementor-widget-container\">\n\t\t\t\t\t\t\t\t\t<p><strong>Vielen Dank, dass Sie sich bei Mordik registriert haben!<\/strong><br \/>Ihre Anmeldung wurde erfolgreich \u00fcbermittelt. Wir freuen uns \u00fcber Ihr Interesse an Mordiks Safe Recruitment Program und unser Engagement, qualifizierten Fachkr\u00e4ften zu helfen, eine erfolgreiche Karriere in Deutschland aufzubauen.<\/p><p class=\"translation-block\"><br><strong>Wie geht es weiter?<\/strong><br>Bewerbungspr\u00fcfung: Unser Rekrutierungsteam wird Ihre Angaben sorgf\u00e4ltig pr\u00fcfen.<br>Eignungspr\u00fcfung: Wenn Sie die Anforderungen erf\u00fcllen, setzen wir uns mit Ihnen in Verbindung, um die n\u00e4chsten Schritte zu besprechen.<br>Interview &amp; Beratung: Ausgew\u00e4hlte Bewerber erhalten Unterst\u00fctzung, Schulung und schrittweise Hilfe, um einen reibungslosen \u00dcbergang zu gew\u00e4hrleisten.<\/p><p class=\"translation-block\"><strong>Bleiben Sie in Verbindung<\/strong><br>Beobachten Sie Ihre E-Mail, um aktuelle Informationen zu Ihrem Antrag zu erhalten.<br>Wenn Sie Fragen haben, k\u00f6nnen Sie uns gerne unter info@mordik.ma oder 0716656003 kontaktieren.<br>Erfahren Sie mehr \u00fcber unsere Dienstleistungen und wie wir Fachkr\u00e4fte im Gesundheitswesen wie Sie unterst\u00fctzen.<\/p><p>Danke f\u00fcr Ihr Vertrauen in Mordik - Ihre Zukunft in Deutschland beginnt hier!<\/p>\t\t\t\t\t\t\t\t<\/div>\n\t\t\t\t<\/div>\n\t\t\t\t<div class=\"elementor-element elementor-element-b1dda5d elementor-widget__width-inherit elementor-align-center elementor-invisible elementor-widget elementor-widget-button\" data-id=\"b1dda5d\" data-element_type=\"widget\" data-e-type=\"widget\" data-settings=\"{&quot;_animation&quot;:&quot;fadeIn&quot;,&quot;_animation_delay&quot;:600}\" data-widget_type=\"button.default\">\n\t\t\t\t<div class=\"elementor-widget-container\">\n\t\t\t\t\t\t\t\t\t<div class=\"elementor-button-wrapper\">\n\t\t\t\t\t<a class=\"elementor-button elementor-button-link elementor-size-sm elementor-animation-grow\" href=\"https:\/\/mordik.ma\/de\">\n\t\t\t\t\t\t<span class=\"elementor-button-content-wrapper\">\n\t\t\t\t\t\t\t\t\t<span class=\"elementor-button-text\">Zur\u00fcck zur Homepage<\/span>\n\t\t\t\t\t<\/span>\n\t\t\t\t\t<\/a>\n\t\t\t\t<\/div>\n\t\t\t\t\t\t\t\t<\/div>\n\t\t\t\t<\/div>\n\t\t\t\t\t<\/div>\n\t\t\t\t<\/div>\n\t\t\t\t<\/div>","protected":false},"excerpt":{"rendered":"<p>Mordik Thank You for Registering with Mordik !Your registration has been successfully submitted. We appreciate your interest in Mordik\u2019s Safe Recruitment Program and our commitment to helping skilled professionals build a successful career in Germany. What Happens Next ?Application Review: Our recruitment team will carefully review your information.Eligibility Assessment: If you meet the requirements, we [&hellip;]<\/p>\n","protected":false},"author":1,"featured_media":0,"parent":0,"menu_order":0,"comment_status":"closed","ping_status":"closed","template":"","meta":{"footnotes":""},"class_list":["post-885","page","type-page","status-publish","hentry"],"_links":{"self":[{"href":"https:\/\/mordik.ma\/de\/wp-json\/wp\/v2\/pages\/885","targetHints":{"allow":["GET"]}}],"collection":[{"href":"https:\/\/mordik.ma\/de\/wp-json\/wp\/v2\/pages"}],"about":[{"href":"https:\/\/mordik.ma\/de\/wp-json\/wp\/v2\/types\/page"}],"author":[{"embeddable":true,"href":"https:\/\/mordik.ma\/de\/wp-json\/wp\/v2\/users\/1"}],"replies":[{"embeddable":true,"href":"https:\/\/mordik.ma\/de\/wp-json\/wp\/v2\/comments?post=885"}],"version-history":[{"count":22,"href":"https:\/\/mordik.ma\/de\/wp-json\/wp\/v2\/pages\/885\/revisions"}],"predecessor-version":[{"id":1135,"href":"https:\/\/mordik.ma\/de\/wp-json\/wp\/v2\/pages\/885\/revisions\/1135"}],"wp:attachment":[{"href":"https:\/\/mordik.ma\/de\/wp-json\/wp\/v2\/media?parent=885"}],"curies":[{"name":"wp","href":"https:\/\/api.w.org\/{rel}","templated":true}]}}