{"id":885,"date":"2025-02-20T15:39:30","date_gmt":"2025-02-20T15:39:30","guid":{"rendered":"https:\/\/mordik.ma\/?page_id=885"},"modified":"2025-03-17T13:13:16","modified_gmt":"2025-03-17T13:13:16","slug":"thank-you-for-registering-with-mordik","status":"publish","type":"page","link":"https:\/\/mordik.ma\/fr\/thank-you-for-registering-with-mordik\/","title":{"rendered":"Thank You for Registering with Mordik"},"content":{"rendered":"<div data-elementor-type=\"wp-page\" data-elementor-id=\"885\" class=\"elementor elementor-885\" data-elementor-post-type=\"page\">\n\t\t\t\t<div class=\"elementor-element elementor-element-2bf8423b e-flex e-con-boxed e-con e-parent\" data-id=\"2bf8423b\" data-element_type=\"container\" data-e-type=\"container\" data-settings=\"{&quot;background_background&quot;:&quot;classic&quot;}\">\n\t\t\t\t\t<div class=\"e-con-inner\">\n\t\t\t\t<div class=\"elementor-element elementor-element-35c7e9ab elementor-widget__width-inherit elementor-invisible elementor-widget elementor-widget-text-editor\" data-id=\"35c7e9ab\" data-element_type=\"widget\" data-e-type=\"widget\" data-settings=\"{&quot;_animation&quot;:&quot;fadeIn&quot;}\" data-widget_type=\"text-editor.default\">\n\t\t\t\t<div class=\"elementor-widget-container\">\n\t\t\t\t\t\t\t\t\t<p>Mordik<\/p>\t\t\t\t\t\t\t\t<\/div>\n\t\t\t\t<\/div>\n\t\t\t\t<div class=\"elementor-element elementor-element-2e14049 elementor-widget__width-initial elementor-widget elementor-widget-text-editor\" data-id=\"2e14049\" data-element_type=\"widget\" data-e-type=\"widget\" data-widget_type=\"text-editor.default\">\n\t\t\t\t<div class=\"elementor-widget-container\">\n\t\t\t\t\t\t\t\t\t<p><strong>Merci de vous \u00eatre enregistr\u00e9 aupr\u00e8s de Mordik !<\/strong><br \/>Votre inscription a \u00e9t\u00e9 soumise avec succ\u00e8s. Nous vous remercions de l'int\u00e9r\u00eat que vous portez au programme de recrutement s\u00e9curis\u00e9 de Mordik et de notre engagement \u00e0 aider les professionnels qualifi\u00e9s \u00e0 construire une carri\u00e8re fructueuse en Allemagne.<\/p><p class=\"translation-block\"><br><strong>Que se passe-t-il ensuite\u00a0?<\/strong><br>Examen de la candidature\u00a0: Notre \u00e9quipe de recrutement examinera attentivement vos informations.<br>\u00c9valuation de l'\u00e9ligibilit\u00e9\u00a0: Si vous remplissez les conditions, nous vous contacterons pour les prochaines \u00e9tapes.<br>Entretien et orientation\u00a0: Les candidats s\u00e9lectionn\u00e9s recevront un soutien, une formation et une assistance \u00e9tape par \u00e9tape pour assurer une transition en douceur.<\/p><p class=\"translation-block\"><strong>Restez connect\u00e9<\/strong><br>Gardez un \u0153il sur votre courrier \u00e9lectronique pour les mises \u00e0 jour concernant votre candidature.<br>Si vous avez des questions, n'h\u00e9sitez pas \u00e0 nous contacter \u00e0 info@mordik.ma ou au 0716656003.<br>En savoir plus sur nos services et sur la mani\u00e8re dont nous soutenons les professionnels de la sant\u00e9 comme vous.<\/p><p>Merci de faire confiance \u00e0 Mordik \u2013 votre avenir en Allemagne commence ici !<\/p>\t\t\t\t\t\t\t\t<\/div>\n\t\t\t\t<\/div>\n\t\t\t\t<div class=\"elementor-element elementor-element-b1dda5d elementor-widget__width-inherit elementor-align-center elementor-invisible elementor-widget elementor-widget-button\" data-id=\"b1dda5d\" data-element_type=\"widget\" data-e-type=\"widget\" data-settings=\"{&quot;_animation&quot;:&quot;fadeIn&quot;,&quot;_animation_delay&quot;:600}\" data-widget_type=\"button.default\">\n\t\t\t\t<div class=\"elementor-widget-container\">\n\t\t\t\t\t\t\t\t\t<div class=\"elementor-button-wrapper\">\n\t\t\t\t\t<a class=\"elementor-button elementor-button-link elementor-size-sm elementor-animation-grow\" href=\"https:\/\/mordik.ma\/fr\">\n\t\t\t\t\t\t<span class=\"elementor-button-content-wrapper\">\n\t\t\t\t\t\t\t\t\t<span class=\"elementor-button-text\">Retour \u00e0 la page d'accueil<\/span>\n\t\t\t\t\t<\/span>\n\t\t\t\t\t<\/a>\n\t\t\t\t<\/div>\n\t\t\t\t\t\t\t\t<\/div>\n\t\t\t\t<\/div>\n\t\t\t\t\t<\/div>\n\t\t\t\t<\/div>\n\t\t\t\t<\/div>","protected":false},"excerpt":{"rendered":"<p>Mordik Thank You for Registering with Mordik !Your registration has been successfully submitted. We appreciate your interest in Mordik\u2019s Safe Recruitment Program and our commitment to helping skilled professionals build a successful career in Germany. What Happens Next ?Application Review: Our recruitment team will carefully review your information.Eligibility Assessment: If you meet the requirements, we [&hellip;]<\/p>\n","protected":false},"author":1,"featured_media":0,"parent":0,"menu_order":0,"comment_status":"closed","ping_status":"closed","template":"","meta":{"footnotes":""},"class_list":["post-885","page","type-page","status-publish","hentry"],"_links":{"self":[{"href":"https:\/\/mordik.ma\/fr\/wp-json\/wp\/v2\/pages\/885","targetHints":{"allow":["GET"]}}],"collection":[{"href":"https:\/\/mordik.ma\/fr\/wp-json\/wp\/v2\/pages"}],"about":[{"href":"https:\/\/mordik.ma\/fr\/wp-json\/wp\/v2\/types\/page"}],"author":[{"embeddable":true,"href":"https:\/\/mordik.ma\/fr\/wp-json\/wp\/v2\/users\/1"}],"replies":[{"embeddable":true,"href":"https:\/\/mordik.ma\/fr\/wp-json\/wp\/v2\/comments?post=885"}],"version-history":[{"count":22,"href":"https:\/\/mordik.ma\/fr\/wp-json\/wp\/v2\/pages\/885\/revisions"}],"predecessor-version":[{"id":1135,"href":"https:\/\/mordik.ma\/fr\/wp-json\/wp\/v2\/pages\/885\/revisions\/1135"}],"wp:attachment":[{"href":"https:\/\/mordik.ma\/fr\/wp-json\/wp\/v2\/media?parent=885"}],"curies":[{"name":"wp","href":"https:\/\/api.w.org\/{rel}","templated":true}]}}